{"id":18897,"date":"2025-02-10T10:01:48","date_gmt":"2025-02-10T09:01:48","guid":{"rendered":"https:\/\/consta.crealogica.eu\/restaurar-la-contrasena\/"},"modified":"2025-04-29T15:57:18","modified_gmt":"2025-04-29T13:57:18","slug":"restaurar-la-contrasena","status":"publish","type":"page","link":"https:\/\/www.recons-consta.org\/es\/restaurar-la-contrasena\/","title":{"rendered":"Restaurar la contrase\u00f1a"},"content":{"rendered":"\t\t<div data-elementor-type=\"wp-page\" data-elementor-id=\"18897\" class=\"elementor elementor-18897 elementor-18575\" data-elementor-post-type=\"page\">\n\t\t\t\t<div class=\"elementor-element elementor-element-a0cf9aa e-con-full e-flex e-con e-parent\" data-id=\"a0cf9aa\" data-element_type=\"container\" data-e-type=\"container\">\n\t\t<div class=\"elementor-element elementor-element-df2679e e-con-full e-flex e-con e-child\" data-id=\"df2679e\" data-element_type=\"container\" data-e-type=\"container\" data-settings=\"{&quot;background_background&quot;:&quot;classic&quot;}\">\n\t\t<div class=\"elementor-element elementor-element-6823ce7 e-flex e-con-boxed e-con e-child\" data-id=\"6823ce7\" data-element_type=\"container\" data-e-type=\"container\">\n\t\t\t\t\t<div class=\"e-con-inner\">\n\t\t\t\t<div class=\"elementor-element elementor-element-ee00fcb elementor-widget elementor-widget-heading\" data-id=\"ee00fcb\" data-element_type=\"widget\" data-e-type=\"widget\" data-widget_type=\"heading.default\">\n\t\t\t\t<div class=\"elementor-widget-container\">\n\t\t\t\t\t<h2 class=\"elementor-heading-title elementor-size-default\">Restaurar contrase\u00f1a<\/h2>\t\t\t\t<\/div>\n\t\t\t\t<\/div>\n\t\t\t\t<div class=\"elementor-element elementor-element-f3a826f elementor-widget elementor-widget-text-editor\" data-id=\"f3a826f\" data-element_type=\"widget\" data-e-type=\"widget\" data-widget_type=\"text-editor.default\">\n\t\t\t\t<div class=\"elementor-widget-container\">\n\t\t\t\t\t\t\t\t\t<div class=\"flex max-w-full flex-col flex-grow\">\n<div class=\"min-h-8 texto-mesa flex w-full flex-col \u00edtem-end gap-2 whitespace-normal texto-start . data-message-id=\"d62e515b-4f28-4d3f-afb5-2b87bdce9ebb\" data-message-model-slug=\"gpt-4o\">\n<div class=\"flex w-full flex-col gap-1 empty:hidden first:pt-[ w-full break-words dark:prose-invert light\">\n<p>Si has olvidado tu contrase\u00f1a, introduce tu n\u00famero de m\u00f3vil y sigue los pasos para restablecerla de forma segura. Tambi\u00e9n puedes contactar con nosotros a trav\u00e9s del correo <a rel=\"noopener\">info@recons-consta.org<\/a> o mediante el apartado de contacto de esta web.<\/p>\n<\/div>\n<\/div>\n<\/div>\n<\/div>\n\t\t\t\t\t\t\t\t<\/div>\n\t\t\t\t<\/div>\n\t\t\t\t\t<\/div>\n\t\t\t\t<\/div>\n\t\t\t\t<\/div>\n\t\t\t\t<\/div>\n\t\t<div class=\"elementor-element elementor-element-c12b768 e-flex e-con-boxed e-con e-parent\" data-id=\"c12b768\" data-element_type=\"container\" data-e-type=\"container\">\n\t\t\t\t\t<div class=\"e-con-inner\">\n\t\t\t\t<div class=\"elementor-element elementor-element-2573ada elementor-widget elementor-widget-wp-widget-xyz_insert_php_widget\" data-id=\"2573ada\" data-element_type=\"widget\" data-e-type=\"widget\" data-widget_type=\"wp-widget-xyz_insert_php_widget.default\">\n\t\t\t\t<div class=\"elementor-widget-container\">\n\t\t\t\t\t<form method=\"POST\" action=\"https:\/\/www.recons-consta.org\/es\/restaurar-la-contrasenya\/\" class=\"form\">\n\t\t\t\t\t<input type=\"email\" class=\"form-control\" id=\"email\" name=\"email\" placeholder=\"Email\" style=\"margin-bottom:10px;\"  maxlength=\"100\" required>\n\t\t\t\t\t<input type=\"hidden\" id=\"g-recaptcha-response\" name=\"g-recaptcha-response\">\n\t\t\t\t\t<input class=\"apartados_all_green_boton\" type=\"submit\" value=\"Restaurar contrase\u00f1a\">\n\t\t\t\t<\/form><script>\ngrecaptcha.ready(function() {\n    grecaptcha.execute('6LcTEykrAAAAAKAf7siXsV4JQXDsIguhEMkuF8UK', {action: 'submit'}).then(function(token) {\n        document.getElementById('g-recaptcha-response').value=token;\n    });\n});\n<\/script>\t\t\t\t\t<\/div>\n\t\t\t\t<\/div>\n\t\t\t\t<div class=\"elementor-element elementor-element-2b55b06 elementor-widget elementor-widget-image\" data-id=\"2b55b06\" data-element_type=\"widget\" data-e-type=\"widget\" data-widget_type=\"image.default\">\n\t\t\t\t<div class=\"elementor-widget-container\">\n\t\t\t\t\t\t\t\t\t\t\t\t\t\t\t<img fetchpriority=\"high\" decoding=\"async\" width=\"1792\" height=\"518\" src=\"https:\/\/www.recons-consta.org\/wp-content\/uploads\/2025\/02\/restaurar_cos.webp\" class=\"attachment-full size-full wp-image-18606\" alt=\"login CONSTA RECONS\" srcset=\"https:\/\/www.recons-consta.org\/wp-content\/uploads\/2025\/02\/restaurar_cos.webp 1792w, https:\/\/www.recons-consta.org\/wp-content\/uploads\/2025\/02\/restaurar_cos-300x87.webp 300w, https:\/\/www.recons-consta.org\/wp-content\/uploads\/2025\/02\/restaurar_cos-1024x296.webp 1024w, https:\/\/www.recons-consta.org\/wp-content\/uploads\/2025\/02\/restaurar_cos-768x222.webp 768w, https:\/\/www.recons-consta.org\/wp-content\/uploads\/2025\/02\/restaurar_cos-1536x444.webp 1536w\" sizes=\"(max-width: 1792px) 100vw, 1792px\" \/>\t\t\t\t\t\t\t\t\t\t\t\t\t\t\t<\/div>\n\t\t\t\t<\/div>\n\t\t\t\t\t<\/div>\n\t\t\t\t<\/div>\n\t\t\t\t<\/div>\n\t\t","protected":false},"excerpt":{"rendered":"<p>Restaurar contrase\u00f1a Si has olvidado tu contrase\u00f1a, introduce tu n\u00famero de m\u00f3vil y sigue los pasos para restablecerla de forma segura. Tambi\u00e9n puedes contactar con nosotros a trav\u00e9s del correo info@recons-consta.org o mediante el apartado de contacto de esta web.<\/p>\n","protected":false},"author":1,"featured_media":0,"parent":0,"menu_order":0,"comment_status":"closed","ping_status":"closed","template":"page-templates\/pagebuilder.php","meta":{"zakra_page_container_layout":"customizer","zakra_page_sidebar_layout":"customizer","zakra_remove_content_margin":false,"zakra_sidebar":"customizer","zakra_transparent_header":"customizer","zakra_logo":0,"zakra_main_header_style":"default","zakra_menu_item_color":"","zakra_menu_item_hover_color":"","zakra_menu_item_active_color":"","zakra_menu_active_style":"","zakra_page_header":true,"footnotes":""},"class_list":["post-18897","page","type-page","status-publish","hentry"],"_links":{"self":[{"href":"https:\/\/www.recons-consta.org\/es\/wp-json\/wp\/v2\/pages\/18897","targetHints":{"allow":["GET"]}}],"collection":[{"href":"https:\/\/www.recons-consta.org\/es\/wp-json\/wp\/v2\/pages"}],"about":[{"href":"https:\/\/www.recons-consta.org\/es\/wp-json\/wp\/v2\/types\/page"}],"author":[{"embeddable":true,"href":"https:\/\/www.recons-consta.org\/es\/wp-json\/wp\/v2\/users\/1"}],"replies":[{"embeddable":true,"href":"https:\/\/www.recons-consta.org\/es\/wp-json\/wp\/v2\/comments?post=18897"}],"version-history":[{"count":3,"href":"https:\/\/www.recons-consta.org\/es\/wp-json\/wp\/v2\/pages\/18897\/revisions"}],"predecessor-version":[{"id":18900,"href":"https:\/\/www.recons-consta.org\/es\/wp-json\/wp\/v2\/pages\/18897\/revisions\/18900"}],"wp:attachment":[{"href":"https:\/\/www.recons-consta.org\/es\/wp-json\/wp\/v2\/media?parent=18897"}],"curies":[{"name":"wp","href":"https:\/\/api.w.org\/{rel}","templated":true}]}}