{"id":18881,"date":"2025-02-05T12:06:00","date_gmt":"2025-02-05T11:06:00","guid":{"rendered":"https:\/\/consta.crealogica.eu\/area-privada\/"},"modified":"2025-04-25T12:54:49","modified_gmt":"2025-04-25T10:54:49","slug":"area-privada","status":"publish","type":"page","link":"https:\/\/www.recons-consta.org\/es\/area-privada\/","title":{"rendered":"\u00c1rea Privada"},"content":{"rendered":"\t\t<div data-elementor-type=\"wp-page\" data-elementor-id=\"18881\" class=\"elementor elementor-18881 elementor-18481\" data-elementor-post-type=\"page\">\n\t\t\t\t<div class=\"elementor-element elementor-element-29e2797 e-flex e-con-boxed e-con e-parent\" data-id=\"29e2797\" data-element_type=\"container\" data-e-type=\"container\" data-settings=\"{&quot;background_background&quot;:&quot;classic&quot;}\">\n\t\t\t\t\t<div class=\"e-con-inner\">\n\t\t<div class=\"elementor-element elementor-element-bbf3d10 e-con-full e-flex e-con e-child\" data-id=\"bbf3d10\" data-element_type=\"container\" data-e-type=\"container\">\n\t\t\t\t<div class=\"elementor-element elementor-element-4c1ab5b elementor-widget elementor-widget-heading\" data-id=\"4c1ab5b\" data-element_type=\"widget\" data-e-type=\"widget\" data-widget_type=\"heading.default\">\n\t\t\t\t<div class=\"elementor-widget-container\">\n\t\t\t\t\t<h2 class=\"elementor-heading-title elementor-size-default\">\u00c1rea Privada Empresas<\/h2>\t\t\t\t<\/div>\n\t\t\t\t<\/div>\n\t\t\t\t<div class=\"elementor-element elementor-element-30f3b78 elementor-widget elementor-widget-text-editor\" data-id=\"30f3b78\" data-element_type=\"widget\" data-e-type=\"widget\" data-widget_type=\"text-editor.default\">\n\t\t\t\t<div class=\"elementor-widget-container\">\n\t\t\t\t\t\t\t\t\t<h5>A trav\u00e9s de esta secci\u00f3n, las empresas se pueden certificar y acceder a sus datos para actualizarlos.<\/h5>\n<h5>Introduzca el nombre de usuario y contrase\u00f1a asignada. En caso de duda contacta con nosotros en info@recons-consta.org o llamando al 932 659 430.<\/h5>\n\t\t\t\t\t\t\t\t<\/div>\n\t\t\t\t<\/div>\n\t\t\t\t<\/div>\n\t\t\t\t\t<\/div>\n\t\t\t\t<\/div>\n\t\t<div class=\"elementor-element elementor-element-9b944d7 e-flex e-con-boxed e-con e-parent\" data-id=\"9b944d7\" data-element_type=\"container\" data-e-type=\"container\">\n\t\t\t\t\t<div class=\"e-con-inner\">\n\t\t\t\t<div class=\"elementor-element elementor-element-67ced91 elementor-widget elementor-widget-wp-widget-xyz_insert_php_widget\" data-id=\"67ced91\" data-element_type=\"widget\" data-e-type=\"widget\" data-widget_type=\"wp-widget-xyz_insert_php_widget.default\">\n\t\t\t\t<div class=\"elementor-widget-container\">\n\t\t\t\t\t<form class=\"mb-3 mt-md-4\" action=\"#\" method=\"GET\">                 \r\n    <div class=\"mb-3\">\r\n        <!--<label for=\"email\" class=\"form-label \">Email<\/label>-->\r\n        <input type=\"text\" class=\"form-control\" id=\"email\" name=\"email\" placeholder=\"Correo electr\u00f3nico\" required>\r\n    <\/div>\r\n    <div class=\"mb-3\">\r\n        <!--<label for=\"password\" class=\"form-label \">Contrase\u00f1a<\/label>-->\r\n        <div class=\"input-group\">\r\n            <input type=\"password\" class=\"form-control\" id=\"password\" name=\"password\" placeholder=\"Contrase\u00f1a\" required>\r\n            <input type=\"hidden\" name=\"op\" value=\"login\">\r\n        <\/div>\r\n    <\/div>\r\n    <p><a href=\"https:\/\/www.recons-consta.org\/es\/restaurar-la-contrasenya\/\">Recordar contrase\u00f1a<\/a><\/p>\r\n    <div class=\"d-grid\">\r\n        <button class=\"btn btn-primary\" type=\"submit\">Entrar<\/button>\r\n    <\/div>\r\n<\/form>\t\t\t\t<\/div>\n\t\t\t\t<\/div>\n\t\t\t\t<div class=\"elementor-element elementor-element-1627306 elementor-widget elementor-widget-image\" data-id=\"1627306\" data-element_type=\"widget\" data-e-type=\"widget\" data-widget_type=\"image.default\">\n\t\t\t\t<div class=\"elementor-widget-container\">\n\t\t\t\t\t\t\t\t\t\t\t\t\t\t\t<img fetchpriority=\"high\" decoding=\"async\" width=\"1792\" height=\"518\" src=\"https:\/\/www.recons-consta.org\/wp-content\/uploads\/2025\/02\/login_cos-1.webp\" class=\"attachment-full size-full wp-image-18495\" alt=\"\u00c0rea Privada Empreses certificades CONSTA RECONS\" srcset=\"https:\/\/www.recons-consta.org\/wp-content\/uploads\/2025\/02\/login_cos-1.webp 1792w, https:\/\/www.recons-consta.org\/wp-content\/uploads\/2025\/02\/login_cos-1-300x87.webp 300w, https:\/\/www.recons-consta.org\/wp-content\/uploads\/2025\/02\/login_cos-1-1024x296.webp 1024w, https:\/\/www.recons-consta.org\/wp-content\/uploads\/2025\/02\/login_cos-1-768x222.webp 768w, https:\/\/www.recons-consta.org\/wp-content\/uploads\/2025\/02\/login_cos-1-1536x444.webp 1536w\" sizes=\"(max-width: 1792px) 100vw, 1792px\" \/>\t\t\t\t\t\t\t\t\t\t\t\t\t\t\t<\/div>\n\t\t\t\t<\/div>\n\t\t\t\t\t<\/div>\n\t\t\t\t<\/div>\n\t\t\t\t<\/div>\n\t\t","protected":false},"excerpt":{"rendered":"<p>\u00c1rea Privada Empresas A trav\u00e9s de esta secci\u00f3n, las empresas se pueden certificar y acceder a sus datos para actualizarlos. Introduzca el nombre de usuario y contrase\u00f1a asignada. En caso de duda contacta con nosotros en info@recons-consta.org o llamando al 932 659 430.<\/p>\n","protected":false},"author":1,"featured_media":0,"parent":0,"menu_order":0,"comment_status":"closed","ping_status":"closed","template":"page-templates\/pagebuilder.php","meta":{"zakra_page_container_layout":"customizer","zakra_page_sidebar_layout":"customizer","zakra_remove_content_margin":false,"zakra_sidebar":"customizer","zakra_transparent_header":"customizer","zakra_logo":0,"zakra_main_header_style":"default","zakra_menu_item_color":"","zakra_menu_item_hover_color":"","zakra_menu_item_active_color":"","zakra_menu_active_style":"","zakra_page_header":true,"footnotes":""},"class_list":["post-18881","page","type-page","status-publish","hentry"],"_links":{"self":[{"href":"https:\/\/www.recons-consta.org\/es\/wp-json\/wp\/v2\/pages\/18881","targetHints":{"allow":["GET"]}}],"collection":[{"href":"https:\/\/www.recons-consta.org\/es\/wp-json\/wp\/v2\/pages"}],"about":[{"href":"https:\/\/www.recons-consta.org\/es\/wp-json\/wp\/v2\/types\/page"}],"author":[{"embeddable":true,"href":"https:\/\/www.recons-consta.org\/es\/wp-json\/wp\/v2\/users\/1"}],"replies":[{"embeddable":true,"href":"https:\/\/www.recons-consta.org\/es\/wp-json\/wp\/v2\/comments?post=18881"}],"version-history":[{"count":3,"href":"https:\/\/www.recons-consta.org\/es\/wp-json\/wp\/v2\/pages\/18881\/revisions"}],"predecessor-version":[{"id":18884,"href":"https:\/\/www.recons-consta.org\/es\/wp-json\/wp\/v2\/pages\/18881\/revisions\/18884"}],"wp:attachment":[{"href":"https:\/\/www.recons-consta.org\/es\/wp-json\/wp\/v2\/media?parent=18881"}],"curies":[{"name":"wp","href":"https:\/\/api.w.org\/{rel}","templated":true}]}}